{"id":12149,"date":"2025-03-24T08:50:29","date_gmt":"2025-03-24T08:50:29","guid":{"rendered":"https:\/\/gierrescale.com\/sicurezza-e-qualita\/"},"modified":"2025-05-18T19:44:35","modified_gmt":"2025-05-18T19:44:35","slug":"securite-et-qualite","status":"publish","type":"page","link":"https:\/\/www.gierrescale.com\/fr\/securite-et-qualite\/","title":{"rendered":"S\u00c9CURIT\u00c9 ET QUALIT\u00c9"},"content":{"rendered":"","protected":false},"excerpt":{"rendered":"","protected":false},"author":1,"featured_media":0,"parent":0,"menu_order":0,"comment_status":"closed","ping_status":"closed","template":"template-security-quality.php","meta":{"_acf_changed":false,"footnotes":""},"class_list":["post-12149","page","type-page","status-publish","hentry"],"acf":[],"yoast_head":"<!-- This site is optimized with the Yoast SEO plugin v23.0 - https:\/\/yoast.com\/wordpress\/plugins\/seo\/ -->\n<title>S\u00c9CURIT\u00c9 ET QUALIT\u00c9 - Gierre Scale<\/title>\n<meta name=\"robots\" content=\"index, follow, max-snippet:-1, max-image-preview:large, max-video-preview:-1\" \/>\n<link rel=\"canonical\" href=\"https:\/\/www.gierrescale.com\/fr\/securite-et-qualite\/\" \/>\n<meta property=\"og:locale\" content=\"fr_FR\" \/>\n<meta property=\"og:type\" content=\"article\" \/>\n<meta property=\"og:title\" content=\"S\u00c9CURIT\u00c9 ET QUALIT\u00c9 - Gierre Scale\" \/>\n<meta property=\"og:url\" content=\"https:\/\/www.gierrescale.com\/fr\/securite-et-qualite\/\" \/>\n<meta property=\"og:site_name\" content=\"Gierre Scale\" \/>\n<meta property=\"article:modified_time\" content=\"2025-05-18T19:44:35+00:00\" \/>\n<meta name=\"twitter:card\" content=\"summary_large_image\" \/>\n<script type=\"application\/ld+json\" class=\"yoast-schema-graph\">{\"@context\":\"https:\/\/schema.org\",\"@graph\":[{\"@type\":\"WebPage\",\"@id\":\"https:\/\/www.gierrescale.com\/fr\/securite-et-qualite\/\",\"url\":\"https:\/\/www.gierrescale.com\/fr\/securite-et-qualite\/\",\"name\":\"S\u00c9CURIT\u00c9 ET QUALIT\u00c9 - Gierre Scale\",\"isPartOf\":{\"@id\":\"https:\/\/www.gierrescale.com\/fr\/#website\"},\"datePublished\":\"2025-03-24T08:50:29+00:00\",\"dateModified\":\"2025-05-18T19:44:35+00:00\",\"breadcrumb\":{\"@id\":\"https:\/\/www.gierrescale.com\/fr\/securite-et-qualite\/#breadcrumb\"},\"inLanguage\":\"fr-FR\",\"potentialAction\":[{\"@type\":\"ReadAction\",\"target\":[\"https:\/\/www.gierrescale.com\/fr\/securite-et-qualite\/\"]}]},{\"@type\":\"BreadcrumbList\",\"@id\":\"https:\/\/www.gierrescale.com\/fr\/securite-et-qualite\/#breadcrumb\",\"itemListElement\":[{\"@type\":\"ListItem\",\"position\":1,\"name\":\"Home\",\"item\":\"https:\/\/www.gierrescale.com\/fr\/\"},{\"@type\":\"ListItem\",\"position\":2,\"name\":\"S\u00c9CURIT\u00c9 ET QUALIT\u00c9\"}]},{\"@type\":\"WebSite\",\"@id\":\"https:\/\/www.gierrescale.com\/fr\/#website\",\"url\":\"https:\/\/www.gierrescale.com\/fr\/\",\"name\":\"Gierre Scale\",\"description\":\"Italiani, produttori e pionieri, dal 1980\",\"potentialAction\":[{\"@type\":\"SearchAction\",\"target\":{\"@type\":\"EntryPoint\",\"urlTemplate\":\"https:\/\/www.gierrescale.com\/fr\/?s={search_term_string}\"},\"query-input\":\"required name=search_term_string\"}],\"inLanguage\":\"fr-FR\"}]}<\/script>\n<!-- \/ Yoast SEO plugin. -->","yoast_head_json":{"title":"S\u00c9CURIT\u00c9 ET QUALIT\u00c9 - Gierre Scale","robots":{"index":"index","follow":"follow","max-snippet":"max-snippet:-1","max-image-preview":"max-image-preview:large","max-video-preview":"max-video-preview:-1"},"canonical":"https:\/\/www.gierrescale.com\/fr\/securite-et-qualite\/","og_locale":"fr_FR","og_type":"article","og_title":"S\u00c9CURIT\u00c9 ET QUALIT\u00c9 - Gierre Scale","og_url":"https:\/\/www.gierrescale.com\/fr\/securite-et-qualite\/","og_site_name":"Gierre Scale","article_modified_time":"2025-05-18T19:44:35+00:00","twitter_card":"summary_large_image","schema":{"@context":"https:\/\/schema.org","@graph":[{"@type":"WebPage","@id":"https:\/\/www.gierrescale.com\/fr\/securite-et-qualite\/","url":"https:\/\/www.gierrescale.com\/fr\/securite-et-qualite\/","name":"S\u00c9CURIT\u00c9 ET QUALIT\u00c9 - Gierre Scale","isPartOf":{"@id":"https:\/\/www.gierrescale.com\/fr\/#website"},"datePublished":"2025-03-24T08:50:29+00:00","dateModified":"2025-05-18T19:44:35+00:00","breadcrumb":{"@id":"https:\/\/www.gierrescale.com\/fr\/securite-et-qualite\/#breadcrumb"},"inLanguage":"fr-FR","potentialAction":[{"@type":"ReadAction","target":["https:\/\/www.gierrescale.com\/fr\/securite-et-qualite\/"]}]},{"@type":"BreadcrumbList","@id":"https:\/\/www.gierrescale.com\/fr\/securite-et-qualite\/#breadcrumb","itemListElement":[{"@type":"ListItem","position":1,"name":"Home","item":"https:\/\/www.gierrescale.com\/fr\/"},{"@type":"ListItem","position":2,"name":"S\u00c9CURIT\u00c9 ET QUALIT\u00c9"}]},{"@type":"WebSite","@id":"https:\/\/www.gierrescale.com\/fr\/#website","url":"https:\/\/www.gierrescale.com\/fr\/","name":"Gierre Scale","description":"Italiani, produttori e pionieri, dal 1980","potentialAction":[{"@type":"SearchAction","target":{"@type":"EntryPoint","urlTemplate":"https:\/\/www.gierrescale.com\/fr\/?s={search_term_string}"},"query-input":"required name=search_term_string"}],"inLanguage":"fr-FR"}]}},"_links":{"self":[{"href":"https:\/\/www.gierrescale.com\/fr\/wp-json\/wp\/v2\/pages\/12149","targetHints":{"allow":["GET"]}}],"collection":[{"href":"https:\/\/www.gierrescale.com\/fr\/wp-json\/wp\/v2\/pages"}],"about":[{"href":"https:\/\/www.gierrescale.com\/fr\/wp-json\/wp\/v2\/types\/page"}],"author":[{"embeddable":true,"href":"https:\/\/www.gierrescale.com\/fr\/wp-json\/wp\/v2\/users\/1"}],"replies":[{"embeddable":true,"href":"https:\/\/www.gierrescale.com\/fr\/wp-json\/wp\/v2\/comments?post=12149"}],"version-history":[{"count":3,"href":"https:\/\/www.gierrescale.com\/fr\/wp-json\/wp\/v2\/pages\/12149\/revisions"}],"predecessor-version":[{"id":12282,"href":"https:\/\/www.gierrescale.com\/fr\/wp-json\/wp\/v2\/pages\/12149\/revisions\/12282"}],"wp:attachment":[{"href":"https:\/\/www.gierrescale.com\/fr\/wp-json\/wp\/v2\/media?parent=12149"}],"curies":[{"name":"wp","href":"https:\/\/api.w.org\/{rel}","templated":true}]}}