{"id":12028,"date":"2025-05-07T15:22:25","date_gmt":"2025-05-07T15:22:25","guid":{"rendered":"https:\/\/gierrescale.com\/cookie-policy\/"},"modified":"2025-05-07T16:09:56","modified_gmt":"2025-05-07T16:09:56","slug":"cookie-policy","status":"publish","type":"page","link":"https:\/\/www.gierrescale.com\/fr\/cookie-policy\/","title":{"rendered":"Cookie Policy"},"content":{"rendered":"\n<p>Que sont les cookies : Les cookies sont des cha\u00eenes de texte cr\u00e9\u00e9es par un serveur et stock\u00e9es sur le disque dur de l&rsquo;ordinateur ou sur tout appareil utilis\u00e9 par l&rsquo;utilisateur pour acc\u00e9der \u00e0 Internet (smartphone, tablette, etc.) pour ensuite \u00eatre retransmises lors d&rsquo;acc\u00e8s ult\u00e9rieurs. \u00e0 Internet par l&rsquo;utilisateur lui-m\u00eame. Les cookies permettent de collecter des informations relatives \u00e0 la navigation de l&rsquo;utilisateur sur les Sites, par exemple pour m\u00e9moriser ses pr\u00e9f\u00e9rences linguistiques ou la devise utilis\u00e9e pour un achat, et les proposer \u00e0 la prochaine visite pour faciliter l&rsquo;utilisation des Sites. sur votre ordinateur et ont une dur\u00e9e variable (cookies dits persistants), mais ils peuvent \u00e9galement dispara\u00eetre \u00e0 la fermeture du navigateur ou avoir une dur\u00e9e limit\u00e9e (cookies dits de session). Les cookies peuvent \u00eatre install\u00e9s par les sites que vous visitez (cookies dits de premi\u00e8re partie) ou ils peuvent \u00eatre install\u00e9s par d&rsquo;autres sites Web (cookies dits de tiers). Les Sites utilisent des cookies propri\u00e9taires, des cookies tiers et d&rsquo;autres technologies similaires, comme d\u00e9crit plus en d\u00e9tail ci-dessous.<\/p>\n\n\n\n<h3 class=\"wp-block-heading\">contr\u00f4leur de donn\u00e9es<\/h3>\n\n\n\n<p>Le responsable du traitement est la soci\u00e9t\u00e9 Gierre S.r.l. dont le si\u00e8ge est situ\u00e9 Via 1\u00b0 Maggio, 1 et 6 \u00e0 Olginate (LECCO) en la personne de son directeur g\u00e9n\u00e9ral.<\/p>\n\n\n\n<h3 class=\"wp-block-heading\">Objectif du traitement<\/h3>\n\n\n\n<p><strong>Pour fonctionner correctement, ce site peut installer de petits fichiers de donn\u00e9es appel\u00e9s \u00ab\u00a0cookies\u00a0\u00bb.<\/strong><\/p>\n\n\n\n<p>Le site utilise uniquement des cookies techniques pour le bon fonctionnement et les param\u00e8tres de base (par exemple, la langue, la connexion et d&rsquo;autres param\u00e8tres d&rsquo;affichage).<\/p>\n\n\n\n<p>L&rsquo;utilisation de cookies techniques (qui ne sont pas stock\u00e9s en permanence) est strictement limit\u00e9e \u00e0 la transmission d&rsquo;identifiants de session (constitu\u00e9s de nombres al\u00e9atoires g\u00e9n\u00e9r\u00e9s par le serveur) n\u00e9cessaires pour permettre une navigation s\u00fbre et efficace du site.<\/p>\n\n\n\n<p><strong>Aucune donn\u00e9e personnelle des utilisateurs n&rsquo;est acquise par le site sans votre consentement.<\/strong>&nbsp;Les cookies ne sont pas utilis\u00e9s pour transmettre des informations \u00e0 caract\u00e8re personnel (pour le profilage).<\/p>\n\n\n\n<h3 class=\"wp-block-heading\">Cookies tiers<\/h3>\n\n\n\n<p>Le site que vous naviguez utilise des outils d&rsquo;analyse fournis par Google Analytics pour tracer des donn\u00e9es statistiques sous forme agr\u00e9g\u00e9e. Si vous pr\u00e9f\u00e9rez restreindre, bloquer ou supprimer les cookies de ce site, vous pouvez le faire en modifiant la configuration de votre navigateur sur les ordinateurs et les appareils mobiles.<\/p>\n\n\n\n<p>En choisissant de d\u00e9sactiver les cookies, il ne sera cependant plus possible de profiter de toutes les fonctionnalit\u00e9s du site.<\/p>\n\n\n\n<h3 class=\"wp-block-heading\">D\u00e9sactiver les cookies<\/h3>\n\n\n\n<p>L&rsquo;utilisateur peut d\u00e9sactiver les cookies en configurant de mani\u00e8re appropri\u00e9e les propri\u00e9t\u00e9s de confidentialit\u00e9 de son navigateur.<\/p>\n\n\n\n<ul class=\"wp-block-list\">\n<li>Microsoft Internet Explorer :\u00a0<a href=\"http:\/\/windows.microsoft.com\/it-it\/windows-vista\/block-or-allow-cookies\">http:\/\/windows.microsoft.com\/&#8230;<\/a><\/li>\n\n\n\n<li>Mozilla Firefox : [https:\/\/support.mozilla.org\/it\/kb\/&#8230;](https:\/\/support.mozilla.org\/it\/kb\/Attivare%20e%20disattivare%20i%20cookie?redirectlocale= en-US&amp;redirectslug=Activation+et+d\u00e9sactivation+des+cookies) *\u00a0Google\u00a0Chrome\u00a0:\u00a0<a href=\"https:\/\/support.google.com\/accounts\/answer\/61416?hl=it\">https:\/\/support.google.com\/accounts\/answer\/61416?hl=it<\/a>\u00a0*Safari :\u00a0<a href=\"http:\/\/www.apple.com\/legal\/privacy\/it\/cookies\/\">http:\/\/www.apple.com\/legal\/privacy\/it\/cookies\/<\/a><\/li>\n\n\n\n<li>Op\u00e9ra\u00a0:\u00a0<a href=\"http:\/\/help.opera.com\/Windows\/12.10\/it\/cookies.html\">http:\/\/help.opera.com\/Windows\/12.10\/it\/cookies.html<\/a><\/li>\n<\/ul>\n\n\n\n<p>A tout moment, l&rsquo;utilisateur peut supprimer les cookies du disque dur de l&rsquo;ordinateur.<\/p>\n\n\n\n<p>Ce site peut \u00e9galement utiliser de mani\u00e8re non constante des vid\u00e9os, des services et des contenus de r\u00e9seaux sociaux et, le cas \u00e9ch\u00e9ant, des contenus int\u00e9grables provenant d&rsquo;autres sites ou services. Nous vous invitons \u00e0 vous renseigner directement aupr\u00e8s de chaque tiers.<\/p>\n\n\n\n<p>*&nbsp;Google&nbsp;:&nbsp;<a href=\"https:\/\/www.google.com\/intl\/it_it\/policies\/privacy\/\">https:\/\/www.google.com\/intl\/it_it\/policies\/privacy\/<\/a>&nbsp;* Youtube :&nbsp;<a href=\"https:\/\/www.google.it\/intl\/it\/policies\/privacy\/\">https:\/\/www.google.it\/intl\/it\/policies\/privacy\/<\/a>&nbsp;*Facebook :&nbsp;<a href=\"https:\/\/www.facebook.com\/help\/cookies\/\">https:\/\/www.facebook.com\/help\/cookies\/<\/a>&nbsp;*Twitter&nbsp;:&nbsp;<a href=\"https:\/\/twitter.com\/privacy\">https:\/\/twitter.com\/privacy<\/a>&nbsp;* Vimeo :&nbsp;<a href=\"https:\/\/vimeo.com\/cookie_policy\">https:\/\/vimeo.com\/cookie_policy<\/a><\/p>\n","protected":false},"excerpt":{"rendered":"<p>Que sont les cookies : Les cookies sont des cha\u00eenes de texte cr\u00e9\u00e9es par un serveur et stock\u00e9es sur le disque dur de l&rsquo;ordinateur ou sur tout appareil utilis\u00e9 par l&rsquo;utilisateur pour acc\u00e9der \u00e0 Internet (smartphone, tablette, etc.) pour ensuite \u00eatre retransmises lors d&rsquo;acc\u00e8s ult\u00e9rieurs. \u00e0 Internet par l&rsquo;utilisateur lui-m\u00eame. Les cookies permettent de collecter [&hellip;]<\/p>\n","protected":false},"author":2,"featured_media":0,"parent":0,"menu_order":0,"comment_status":"closed","ping_status":"closed","template":"","meta":{"_acf_changed":false,"footnotes":""},"class_list":["post-12028","page","type-page","status-publish","hentry"],"acf":[],"yoast_head":"<!-- This site is optimized with the Yoast SEO plugin v23.0 - https:\/\/yoast.com\/wordpress\/plugins\/seo\/ -->\n<title>Cookie Policy - Gierre Scale<\/title>\n<meta name=\"robots\" content=\"index, follow, max-snippet:-1, max-image-preview:large, max-video-preview:-1\" \/>\n<link rel=\"canonical\" href=\"https:\/\/www.gierrescale.com\/fr\/cookie-policy\/\" \/>\n<meta property=\"og:locale\" content=\"fr_FR\" \/>\n<meta property=\"og:type\" content=\"article\" \/>\n<meta property=\"og:title\" content=\"Cookie Policy - Gierre Scale\" \/>\n<meta property=\"og:description\" content=\"Que sont les cookies : Les cookies sont des cha\u00eenes de texte cr\u00e9\u00e9es par un serveur et stock\u00e9es sur le disque dur de l&rsquo;ordinateur ou sur tout appareil utilis\u00e9 par l&rsquo;utilisateur pour acc\u00e9der \u00e0 Internet (smartphone, tablette, etc.) pour ensuite \u00eatre retransmises lors d&rsquo;acc\u00e8s ult\u00e9rieurs. \u00e0 Internet par l&rsquo;utilisateur lui-m\u00eame. Les cookies permettent de collecter [&hellip;]\" \/>\n<meta property=\"og:url\" content=\"https:\/\/www.gierrescale.com\/fr\/cookie-policy\/\" \/>\n<meta property=\"og:site_name\" content=\"Gierre Scale\" \/>\n<meta property=\"article:modified_time\" content=\"2025-05-07T16:09:56+00:00\" \/>\n<meta name=\"twitter:card\" content=\"summary_large_image\" \/>\n<meta name=\"twitter:label1\" content=\"Est. reading time\" \/>\n\t<meta name=\"twitter:data1\" content=\"3 minutes\" \/>\n<script type=\"application\/ld+json\" class=\"yoast-schema-graph\">{\"@context\":\"https:\/\/schema.org\",\"@graph\":[{\"@type\":\"WebPage\",\"@id\":\"https:\/\/www.gierrescale.com\/fr\/cookie-policy\/\",\"url\":\"https:\/\/www.gierrescale.com\/fr\/cookie-policy\/\",\"name\":\"Cookie Policy - Gierre Scale\",\"isPartOf\":{\"@id\":\"https:\/\/www.gierrescale.com\/fr\/#website\"},\"datePublished\":\"2025-05-07T15:22:25+00:00\",\"dateModified\":\"2025-05-07T16:09:56+00:00\",\"breadcrumb\":{\"@id\":\"https:\/\/www.gierrescale.com\/fr\/cookie-policy\/#breadcrumb\"},\"inLanguage\":\"fr-FR\",\"potentialAction\":[{\"@type\":\"ReadAction\",\"target\":[\"https:\/\/www.gierrescale.com\/fr\/cookie-policy\/\"]}]},{\"@type\":\"BreadcrumbList\",\"@id\":\"https:\/\/www.gierrescale.com\/fr\/cookie-policy\/#breadcrumb\",\"itemListElement\":[{\"@type\":\"ListItem\",\"position\":1,\"name\":\"Home\",\"item\":\"https:\/\/www.gierrescale.com\/fr\/\"},{\"@type\":\"ListItem\",\"position\":2,\"name\":\"Cookie Policy\"}]},{\"@type\":\"WebSite\",\"@id\":\"https:\/\/www.gierrescale.com\/fr\/#website\",\"url\":\"https:\/\/www.gierrescale.com\/fr\/\",\"name\":\"Gierre Scale\",\"description\":\"Italiani, produttori e pionieri, dal 1980\",\"potentialAction\":[{\"@type\":\"SearchAction\",\"target\":{\"@type\":\"EntryPoint\",\"urlTemplate\":\"https:\/\/www.gierrescale.com\/fr\/?s={search_term_string}\"},\"query-input\":\"required name=search_term_string\"}],\"inLanguage\":\"fr-FR\"}]}<\/script>\n<!-- \/ Yoast SEO plugin. -->","yoast_head_json":{"title":"Cookie Policy - Gierre Scale","robots":{"index":"index","follow":"follow","max-snippet":"max-snippet:-1","max-image-preview":"max-image-preview:large","max-video-preview":"max-video-preview:-1"},"canonical":"https:\/\/www.gierrescale.com\/fr\/cookie-policy\/","og_locale":"fr_FR","og_type":"article","og_title":"Cookie Policy - Gierre Scale","og_description":"Que sont les cookies : Les cookies sont des cha\u00eenes de texte cr\u00e9\u00e9es par un serveur et stock\u00e9es sur le disque dur de l&rsquo;ordinateur ou sur tout appareil utilis\u00e9 par l&rsquo;utilisateur pour acc\u00e9der \u00e0 Internet (smartphone, tablette, etc.) pour ensuite \u00eatre retransmises lors d&rsquo;acc\u00e8s ult\u00e9rieurs. \u00e0 Internet par l&rsquo;utilisateur lui-m\u00eame. Les cookies permettent de collecter [&hellip;]","og_url":"https:\/\/www.gierrescale.com\/fr\/cookie-policy\/","og_site_name":"Gierre Scale","article_modified_time":"2025-05-07T16:09:56+00:00","twitter_card":"summary_large_image","twitter_misc":{"Est. reading time":"3 minutes"},"schema":{"@context":"https:\/\/schema.org","@graph":[{"@type":"WebPage","@id":"https:\/\/www.gierrescale.com\/fr\/cookie-policy\/","url":"https:\/\/www.gierrescale.com\/fr\/cookie-policy\/","name":"Cookie Policy - Gierre Scale","isPartOf":{"@id":"https:\/\/www.gierrescale.com\/fr\/#website"},"datePublished":"2025-05-07T15:22:25+00:00","dateModified":"2025-05-07T16:09:56+00:00","breadcrumb":{"@id":"https:\/\/www.gierrescale.com\/fr\/cookie-policy\/#breadcrumb"},"inLanguage":"fr-FR","potentialAction":[{"@type":"ReadAction","target":["https:\/\/www.gierrescale.com\/fr\/cookie-policy\/"]}]},{"@type":"BreadcrumbList","@id":"https:\/\/www.gierrescale.com\/fr\/cookie-policy\/#breadcrumb","itemListElement":[{"@type":"ListItem","position":1,"name":"Home","item":"https:\/\/www.gierrescale.com\/fr\/"},{"@type":"ListItem","position":2,"name":"Cookie Policy"}]},{"@type":"WebSite","@id":"https:\/\/www.gierrescale.com\/fr\/#website","url":"https:\/\/www.gierrescale.com\/fr\/","name":"Gierre Scale","description":"Italiani, produttori e pionieri, dal 1980","potentialAction":[{"@type":"SearchAction","target":{"@type":"EntryPoint","urlTemplate":"https:\/\/www.gierrescale.com\/fr\/?s={search_term_string}"},"query-input":"required name=search_term_string"}],"inLanguage":"fr-FR"}]}},"_links":{"self":[{"href":"https:\/\/www.gierrescale.com\/fr\/wp-json\/wp\/v2\/pages\/12028","targetHints":{"allow":["GET"]}}],"collection":[{"href":"https:\/\/www.gierrescale.com\/fr\/wp-json\/wp\/v2\/pages"}],"about":[{"href":"https:\/\/www.gierrescale.com\/fr\/wp-json\/wp\/v2\/types\/page"}],"author":[{"embeddable":true,"href":"https:\/\/www.gierrescale.com\/fr\/wp-json\/wp\/v2\/users\/2"}],"replies":[{"embeddable":true,"href":"https:\/\/www.gierrescale.com\/fr\/wp-json\/wp\/v2\/comments?post=12028"}],"version-history":[{"count":1,"href":"https:\/\/www.gierrescale.com\/fr\/wp-json\/wp\/v2\/pages\/12028\/revisions"}],"predecessor-version":[{"id":12031,"href":"https:\/\/www.gierrescale.com\/fr\/wp-json\/wp\/v2\/pages\/12028\/revisions\/12031"}],"wp:attachment":[{"href":"https:\/\/www.gierrescale.com\/fr\/wp-json\/wp\/v2\/media?parent=12028"}],"curies":[{"name":"wp","href":"https:\/\/api.w.org\/{rel}","templated":true}]}}