{"id":12032,"date":"2025-05-07T15:24:05","date_gmt":"2025-05-07T15:24:05","guid":{"rendered":"https:\/\/gierrescale.com\/note-legali\/"},"modified":"2025-05-07T16:12:06","modified_gmt":"2025-05-07T16:12:06","slug":"legal-notices","status":"publish","type":"page","link":"https:\/\/www.gierrescale.com\/en\/legal-notices\/","title":{"rendered":"Legal notices"},"content":{"rendered":"\n<p>Con l&#8217;accesso alle pagine del GIERRE s.r.l. World Wide Web, Lei accetta le condizioni di seguito riportate. In caso contrario, La invitiamo a non utilizzare il presente sito.<\/p>\n\n\n\n<p>Il contenuto delle pagine del GIERRE s.r.l. World Wide Web \u00e8 protetto dal diritto d&#8217;autore \u00a9 GIERRE s.r.l. 2004.<\/p>\n\n\n\n<p>Tutti i diritti che non siano espressamente conferiti con il seguente documento sono riservati. La riproduzione, il trasferimento, la distribuzione o la memorizzazione di una parte o di tutto il contenuto delle suddette pagine, sotto qualsiasi forma, senza la preventiva autorizzazione scritta di GIERRE s.r.l. non \u00e8 consentita, salvo che avvenga in conformit\u00e0 alle seguenti condizioni:<\/p>\n\n\n\n<p>GIERRE s.r.l. le consente di scorrere le pagine del GIERRE s.r.l. World Wide Web sul Suo computer o stampare copie o estratti delle stesse esclusivamente per un Suo uso personale e non ai fini di una ridistribuzione, salvo il consenso scritto di GIERRE s.r.l. I singoli documenti contenuti nelle pagine del nostro GIERRE s.r.l. World Wide Web potranno essere soggetti ad ulteriori condizioni indicate nei documenti stessi. L&#8217;uso del sito e del relativo contenuto \u00e8 consentito ai soli fini personali e non commerciali. L&#8217;uso di comunicati stampa ed altri documenti classificati come pubblici \u00e8 permesso nell&#8217;ambito di comunicazioni al pubblico, purch\u00e9 venga citata la fonte dell&#8217;informazione. Questo sito ed i contenuti del seguente documento Le sono forniti per agevolarla. I contenuti delle pagine del GIERRE s.r.l. World Wide Web Le vengono forniti in base alla disponibilit\u00e0 attuale e futura. GIERRE s.r.l. non garantisce che le pagine del suo Web siano prive di interruzioni o di errori. GIERRE s.r.l. si riserva in qualsiasi momento il diritto di rivedere le pagine in oggetto o revocare l&#8217;accesso alle stesse. NESSUNA GARANZIA DI QUALSIASI TIPO, ESPRESSA O TACITA, IVI INCLUSA LA GARANZIA PER EVIZIONE, PER VIZI E PER IL BUON FUNZIONAMENTO, VIENE CONCESSA IN RELAZIONE ALLA DISPONIBILIT\u00c1, PRECISIONE, AFFIDABILIT\u00c1 O CONTENUTO DELLE SEGUENTI PAGINE. GIERRE s.r.l., INOLTRE, NON SAR\u00c1 RESPONSABILE PER ALCUN DANNO DIRETTO, INDIRETTO, INCIDENTALE, NONCH\u00c8 PER NESSUNA PERDITA DI PROFITTI O INTERRUZIONE DI ATTIVIT\u00c1 COMMERCIALE DERIVANTE DALL&#8217;USO DI QUESTO SERVIZIO, ANCHE SE GIERRE s.r.l. SIA STATA AVVISATA DELLA POSSIBILIT\u00c1 DI TALI DANNI. LA LEGGE DI ALCUNI STATI NON CONSENTE L&#8217;ESCLUSIONE DI DETERMINATE GARANZIE O LIMITAZIONI DI RESPONSABILIT\u00c1. IN TALI IPOTESI LE SOPRAMENZIONATE LIMITAZIONI O ESCLUSIONI NON SARANNO COMUNQUE APPLICABILI NEI SUOI CONFRONTI E LA RESPONSABILIT\u00c1 DI GIERRE s.r.l. SAR\u00c1 LIMITATA NELLA MISURA PIU&#8217; AMPIA CONSENTITA DALLA LEGGE IN QUESTIONE.<\/p>\n\n\n\n<p>Ai fini di un Suo agevole accesso, GIERRE s.r.l. pu\u00f2 includere collegamenti a siti su Internet che sono appartenenti o attivati da terzi. Nel momento in cui Lei si collega a tali siti, dovr\u00e0 leggere ed accettare le regole che disciplinano l&#8217;uso degli stessi prima di utilizzarli. Lei inoltre conviene che GIERRE s.r.l. non ha alcun controllo sul contenuto di tali siti e non pu\u00f2 assumere alcuna responsabilit\u00e0 in relazione al materiale creato o pubblicato dai siti in questione. Inoltre il collegamento ad un sito che non sia il GIERRE s.r.l. World Wide Web non comporta l&#8217;approvazione da parte di GIERRE s.r.l. di quel sito, nonch\u00e9 dei prodotti o dei servizi contenuti nello stesso. Inserendo del materiale nei nostri servers, per esempio tramite e-mail o attraverso le pagine del GIERRE s.r.l. World Wide Web, Lei conviene che: a) il materiale non contiene alcun dato illegale o altrimenti non idoneo alla pubblicazione; b) Lei si sforzer\u00e0 ragionevolmente di verificare e rimuovere ogni virus o qualsiasi altro elemento contaminante o distruttivo prima di introdurre del materiale; c) Lei conviene che non intraprender\u00e0 alcuna azione legale nei nostri confronti in relazione al materiale da Lei introdotto e che ci risarcir\u00e0 qualora un terzo intraprenda un&#8217;azione nei nostri confronti in relazione al materiale che Lei stesso ha inserito nel nostro sito. GIERRE s.r.l. non controlla e non pu\u00f2 controllare il contenuto introdotto dagli utenti nel suo sito e non \u00e8 responsabile del loro contenuto. GIERRE s.r.l. in ogni momento e a sua discrezione pu\u00f2 rimuovere il contenuto introdotto dagli utenti. GIERRE s.r.l. \u00e8 un marchio registrato di propriet\u00e0 GIERRE s.r.l. I nomi dei prodotti di GIERRE s.r.l. sono dei marchi non registrati o registrati di propriet\u00e0 GIERRE s.r.l. I nomi degli altri prodotti o delle altre societ\u00e0 menzionate nel sito potranno avere il marchio o il nome commerciale dei loro rispettivi titolari. Il Suo accesso a questo sito non dovr\u00e0 essere inteso, per presunzione, in via d&#8217;eccezione o diversamente, come concessione di una licenza o diritto d&#8217;uso dei marchi che appaiono sul sito, salvo il preventivo consenso scritto di GIERRE s.r.l. o dei terzi titolari degli altri marchi. \u00a9 GIERRE s.r.l. 2005. Tutti i diritti sono riservati. Leggere attentamente le nostre Note sul trattamento dei dati personali.<\/p>\n","protected":false},"excerpt":{"rendered":"<p>Con l&#8217;accesso alle pagine del GIERRE s.r.l. World Wide Web, Lei accetta le condizioni di seguito riportate. In caso contrario, La invitiamo a non utilizzare il presente sito. Il contenuto delle pagine del GIERRE s.r.l. World Wide Web \u00e8 protetto dal diritto d&#8217;autore \u00a9 GIERRE s.r.l. 2004. Tutti i diritti che non siano espressamente conferiti [&hellip;]<\/p>\n","protected":false},"author":2,"featured_media":0,"parent":0,"menu_order":0,"comment_status":"closed","ping_status":"closed","template":"","meta":{"_acf_changed":false,"footnotes":""},"class_list":["post-12032","page","type-page","status-publish","hentry"],"acf":[],"yoast_head":"<!-- This site is optimized with the Yoast SEO plugin v23.0 - https:\/\/yoast.com\/wordpress\/plugins\/seo\/ -->\n<title>Legal notices - Gierre Scale<\/title>\n<meta name=\"robots\" content=\"index, follow, max-snippet:-1, max-image-preview:large, max-video-preview:-1\" \/>\n<link rel=\"canonical\" href=\"https:\/\/www.gierrescale.com\/en\/legal-notices\/\" \/>\n<meta property=\"og:locale\" content=\"en_US\" \/>\n<meta property=\"og:type\" content=\"article\" \/>\n<meta property=\"og:title\" content=\"Legal notices - Gierre Scale\" \/>\n<meta property=\"og:description\" content=\"Con l&#8217;accesso alle pagine del GIERRE s.r.l. World Wide Web, Lei accetta le condizioni di seguito riportate. In caso contrario, La invitiamo a non utilizzare il presente sito. Il contenuto delle pagine del GIERRE s.r.l. World Wide Web \u00e8 protetto dal diritto d&#8217;autore \u00a9 GIERRE s.r.l. 2004. Tutti i diritti che non siano espressamente conferiti [&hellip;]\" \/>\n<meta property=\"og:url\" content=\"https:\/\/www.gierrescale.com\/en\/legal-notices\/\" \/>\n<meta property=\"og:site_name\" content=\"Gierre Scale\" \/>\n<meta property=\"article:modified_time\" content=\"2025-05-07T16:12:06+00:00\" \/>\n<meta name=\"twitter:card\" content=\"summary_large_image\" \/>\n<meta name=\"twitter:label1\" content=\"Est. reading time\" \/>\n\t<meta name=\"twitter:data1\" content=\"5 minutes\" \/>\n<script type=\"application\/ld+json\" class=\"yoast-schema-graph\">{\"@context\":\"https:\/\/schema.org\",\"@graph\":[{\"@type\":\"WebPage\",\"@id\":\"https:\/\/www.gierrescale.com\/en\/legal-notices\/\",\"url\":\"https:\/\/www.gierrescale.com\/en\/legal-notices\/\",\"name\":\"Legal notices - Gierre Scale\",\"isPartOf\":{\"@id\":\"https:\/\/www.gierrescale.com\/en\/#website\"},\"datePublished\":\"2025-05-07T15:24:05+00:00\",\"dateModified\":\"2025-05-07T16:12:06+00:00\",\"breadcrumb\":{\"@id\":\"https:\/\/www.gierrescale.com\/en\/legal-notices\/#breadcrumb\"},\"inLanguage\":\"en-US\",\"potentialAction\":[{\"@type\":\"ReadAction\",\"target\":[\"https:\/\/www.gierrescale.com\/en\/legal-notices\/\"]}]},{\"@type\":\"BreadcrumbList\",\"@id\":\"https:\/\/www.gierrescale.com\/en\/legal-notices\/#breadcrumb\",\"itemListElement\":[{\"@type\":\"ListItem\",\"position\":1,\"name\":\"Home\",\"item\":\"https:\/\/www.gierrescale.com\/en\/\"},{\"@type\":\"ListItem\",\"position\":2,\"name\":\"Legal notices\"}]},{\"@type\":\"WebSite\",\"@id\":\"https:\/\/www.gierrescale.com\/en\/#website\",\"url\":\"https:\/\/www.gierrescale.com\/en\/\",\"name\":\"Gierre Scale\",\"description\":\"Italiani, produttori e pionieri, dal 1980\",\"potentialAction\":[{\"@type\":\"SearchAction\",\"target\":{\"@type\":\"EntryPoint\",\"urlTemplate\":\"https:\/\/www.gierrescale.com\/en\/?s={search_term_string}\"},\"query-input\":\"required name=search_term_string\"}],\"inLanguage\":\"en-US\"}]}<\/script>\n<!-- \/ Yoast SEO plugin. -->","yoast_head_json":{"title":"Legal notices - Gierre Scale","robots":{"index":"index","follow":"follow","max-snippet":"max-snippet:-1","max-image-preview":"max-image-preview:large","max-video-preview":"max-video-preview:-1"},"canonical":"https:\/\/www.gierrescale.com\/en\/legal-notices\/","og_locale":"en_US","og_type":"article","og_title":"Legal notices - Gierre Scale","og_description":"Con l&#8217;accesso alle pagine del GIERRE s.r.l. World Wide Web, Lei accetta le condizioni di seguito riportate. In caso contrario, La invitiamo a non utilizzare il presente sito. Il contenuto delle pagine del GIERRE s.r.l. World Wide Web \u00e8 protetto dal diritto d&#8217;autore \u00a9 GIERRE s.r.l. 2004. Tutti i diritti che non siano espressamente conferiti [&hellip;]","og_url":"https:\/\/www.gierrescale.com\/en\/legal-notices\/","og_site_name":"Gierre Scale","article_modified_time":"2025-05-07T16:12:06+00:00","twitter_card":"summary_large_image","twitter_misc":{"Est. reading time":"5 minutes"},"schema":{"@context":"https:\/\/schema.org","@graph":[{"@type":"WebPage","@id":"https:\/\/www.gierrescale.com\/en\/legal-notices\/","url":"https:\/\/www.gierrescale.com\/en\/legal-notices\/","name":"Legal notices - Gierre Scale","isPartOf":{"@id":"https:\/\/www.gierrescale.com\/en\/#website"},"datePublished":"2025-05-07T15:24:05+00:00","dateModified":"2025-05-07T16:12:06+00:00","breadcrumb":{"@id":"https:\/\/www.gierrescale.com\/en\/legal-notices\/#breadcrumb"},"inLanguage":"en-US","potentialAction":[{"@type":"ReadAction","target":["https:\/\/www.gierrescale.com\/en\/legal-notices\/"]}]},{"@type":"BreadcrumbList","@id":"https:\/\/www.gierrescale.com\/en\/legal-notices\/#breadcrumb","itemListElement":[{"@type":"ListItem","position":1,"name":"Home","item":"https:\/\/www.gierrescale.com\/en\/"},{"@type":"ListItem","position":2,"name":"Legal notices"}]},{"@type":"WebSite","@id":"https:\/\/www.gierrescale.com\/en\/#website","url":"https:\/\/www.gierrescale.com\/en\/","name":"Gierre Scale","description":"Italiani, produttori e pionieri, dal 1980","potentialAction":[{"@type":"SearchAction","target":{"@type":"EntryPoint","urlTemplate":"https:\/\/www.gierrescale.com\/en\/?s={search_term_string}"},"query-input":"required name=search_term_string"}],"inLanguage":"en-US"}]}},"_links":{"self":[{"href":"https:\/\/www.gierrescale.com\/en\/wp-json\/wp\/v2\/pages\/12032","targetHints":{"allow":["GET"]}}],"collection":[{"href":"https:\/\/www.gierrescale.com\/en\/wp-json\/wp\/v2\/pages"}],"about":[{"href":"https:\/\/www.gierrescale.com\/en\/wp-json\/wp\/v2\/types\/page"}],"author":[{"embeddable":true,"href":"https:\/\/www.gierrescale.com\/en\/wp-json\/wp\/v2\/users\/2"}],"replies":[{"embeddable":true,"href":"https:\/\/www.gierrescale.com\/en\/wp-json\/wp\/v2\/comments?post=12032"}],"version-history":[{"count":1,"href":"https:\/\/www.gierrescale.com\/en\/wp-json\/wp\/v2\/pages\/12032\/revisions"}],"predecessor-version":[{"id":12037,"href":"https:\/\/www.gierrescale.com\/en\/wp-json\/wp\/v2\/pages\/12032\/revisions\/12037"}],"wp:attachment":[{"href":"https:\/\/www.gierrescale.com\/en\/wp-json\/wp\/v2\/media?parent=12032"}],"curies":[{"name":"wp","href":"https:\/\/api.w.org\/{rel}","templated":true}]}}