{"id":12027,"date":"2025-05-07T15:22:25","date_gmt":"2025-05-07T15:22:25","guid":{"rendered":"https:\/\/gierrescale.com\/cookie-policy\/"},"modified":"2025-05-07T16:09:18","modified_gmt":"2025-05-07T16:09:18","slug":"cookie-policy","status":"publish","type":"page","link":"https:\/\/www.gierrescale.com\/en\/cookie-policy\/","title":{"rendered":"Cookie Policy"},"content":{"rendered":"\n<p>Cosa sono i Cookies: I cookie sono stringhe di testo create da un server e memorizzati sull\u2019hard disk del computer o su qualsiasi dispositivo utilizzato dall\u2019utente per accedere ad Internet (smartphone, tablet, ecc.) per poi essere ritrasmessi ai successivi accessi ad Internet dell\u2019utente stesso. I cookie permettono di raccogliere informazioni sulla navigazione effettuata dall\u2019utente sui Siti, per esempio per ricordare le Sue preferenze di lingua o la valuta utilizzata per un acquisto, e proporle alla visita successiva per facilitare la fruizione dei Siti. I cookie possono essere memorizzati in modo permanente sul Suo computer ed avere una durata variabile (c.d. cookie persistenti), ma possono anche svanire con la chiusura del browser o avere una durata limitata (c.d. cookie di sessione). I cookie possono essere istallati dai Siti che sta visitando (c.d. cookie di prima parte) o possono essere istallati da altri siti web (c.d. cookie di terze parti). I Siti utilizzano cookie di prima parte, cookie di terze parti ed altre analoghe tecnologie, come meglio descritto di seguito.<\/p>\n\n\n\n<h3 class=\"wp-block-heading\">titolare del trattamento<\/h3>\n\n\n\n<p>Il Titolare del trattamento \u00e8 la societ\u00e0 Gierre S.r.l. con sede in Via 1\u00b0 Maggio, 1 e 6 a Olginate (LECCO) nella persona del suo Amministratore Delegato.<\/p>\n\n\n\n<h3 class=\"wp-block-heading\">Finalit\u00e0 del trattamento<\/h3>\n\n\n\n<p><strong>Per funzionare correttamente, questo sito potrebbe installare dei piccoli file di dati che si chiamano &#8220;cookie&#8221;.<\/strong><\/p>\n\n\n\n<p>Il sito utilizza esclusivamente cookie tecnici per il corretto funzionamento e le impostazioni di base (es. lingua, login e altre impostazioni di visualizzazione).<\/p>\n\n\n\n<p>L&#8217;uso di cookies tecnici (che non vengono memorizzati in modo persistente) \u00e8 strettamente limitato alla trasmissione di identificativi di sessione (costituiti da numeri casuali generati dal server) necessari per consentire l&#8217;esplorazione sicura ed efficiente del sito.<\/p>\n\n\n\n<p><strong>Nessun dato personale degli utenti viene acquisito dal sito senza il vostro consenso.<\/strong>&nbsp;Non viene fatto uso di cookies per la trasmissione di informazioni di carattere personale (per profilazione).<\/p>\n\n\n\n<h3 class=\"wp-block-heading\">Cookie di terze parti<\/h3>\n\n\n\n<p>Il sito che sta navigando utilizza strumenti di analisi forniti da Google Analytics per tracciare dati statistici in forma aggregata. Se si preferisce restringere, bloccare o cancellare i cookie di questo sito, \u00e8 possibile farlo modificando la configurazione del proprio browser su computer e dispositivi mobile.<\/p>\n\n\n\n<p>Scegliendo di disabilitare i cookie non sar\u00e0 per\u00f2 pi\u00f9 possibile sfruttare tutte le funzionalit\u00e0 del sito.<\/p>\n\n\n\n<h3 class=\"wp-block-heading\">Disattivazione dei cookie<\/h3>\n\n\n\n<p>L&#8217;utente pu\u00f2 disattivare i cookie, impostando opportunamente le propriet\u00e0 di privacy del proprio browser.<\/p>\n\n\n\n<ul class=\"wp-block-list\">\n<li>Microsoft Internet Explorer:\u00a0<a href=\"http:\/\/windows.microsoft.com\/it-it\/windows-vista\/block-or-allow-cookies\">http:\/\/windows.microsoft.com\/&#8230;<\/a><\/li>\n\n\n\n<li>Mozilla Firefox:\u00a0<a href=\"https:\/\/support.mozilla.org\/it\/kb\/Attivare%20e%20disattivare%20i%20cookie?redirectlocale=en-US&amp;redirectslug=Enabling+and+disabling+cookies\">https:\/\/support.mozilla.org\/it\/kb\/&#8230;<\/a><\/li>\n\n\n\n<li>Google Chrome:\u00a0<a href=\"https:\/\/support.google.com\/accounts\/answer\/61416?hl=it\">https:\/\/support.google.com\/accounts\/answer\/61416?hl=it<\/a><\/li>\n\n\n\n<li>Safari:\u00a0<a href=\"http:\/\/www.apple.com\/legal\/privacy\/it\/cookies\/\">http:\/\/www.apple.com\/legal\/privacy\/it\/cookies\/<\/a><\/li>\n\n\n\n<li>Opera:\u00a0<a href=\"http:\/\/help.opera.com\/Windows\/12.10\/it\/cookies.html\">http:\/\/help.opera.com\/Windows\/12.10\/it\/cookies.html<\/a><\/li>\n<\/ul>\n\n\n\n<p>In qualsiasi momento l&#8217;utente potr\u00e0 cancellare i cookie dal disco fisso del computer.<\/p>\n\n\n\n<p>Questo sito pu\u00f2 utilizzare anche in modo non costante video, servizi e contenuti di social network e in base all&#8217;occorrenza contenuti incorporabili di altri siti o servizi. Vi invitiamo a informarvi direttamente presso ogni terza parte.<\/p>\n\n\n\n<p>Vimeo:\u00a0<a href=\"https:\/\/vimeo.com\/cookie_policy\">https:\/\/vimeo.com\/cookie_policy<\/a><\/p>\n\n\n\n<p>Google:\u00a0<a href=\"https:\/\/www.google.com\/intl\/it_it\/policies\/privacy\/\">https:\/\/www.google.com\/intl\/it_it\/policies\/privacy\/<\/a><\/p>\n\n\n\n<p>Youtube:\u00a0<a href=\"https:\/\/www.google.it\/intl\/it\/policies\/privacy\/\">https:\/\/www.google.it\/intl\/it\/policies\/privacy\/<\/a><\/p>\n\n\n\n<p>Facebook:\u00a0<a href=\"https:\/\/www.facebook.com\/help\/cookies\/\">https:\/\/www.facebook.com\/help\/cookies\/<\/a><\/p>\n\n\n\n<p>Twitter:\u00a0<a href=\"https:\/\/twitter.com\/privacy\">https:\/\/twitter.com\/privacy<\/a><\/p>\n","protected":false},"excerpt":{"rendered":"<p>Cosa sono i Cookies: I cookie sono stringhe di testo create da un server e memorizzati sull\u2019hard disk del computer o su qualsiasi dispositivo utilizzato dall\u2019utente per accedere ad Internet (smartphone, tablet, ecc.) per poi essere ritrasmessi ai successivi accessi ad Internet dell\u2019utente stesso. I cookie permettono di raccogliere informazioni sulla navigazione effettuata dall\u2019utente sui [&hellip;]<\/p>\n","protected":false},"author":2,"featured_media":0,"parent":0,"menu_order":0,"comment_status":"closed","ping_status":"closed","template":"","meta":{"_acf_changed":false,"footnotes":""},"class_list":["post-12027","page","type-page","status-publish","hentry"],"acf":[],"yoast_head":"<!-- This site is optimized with the Yoast SEO plugin v23.0 - https:\/\/yoast.com\/wordpress\/plugins\/seo\/ -->\n<title>Cookie Policy - Gierre Scale<\/title>\n<meta name=\"robots\" content=\"index, follow, max-snippet:-1, max-image-preview:large, max-video-preview:-1\" \/>\n<link rel=\"canonical\" href=\"https:\/\/www.gierrescale.com\/en\/cookie-policy\/\" \/>\n<meta property=\"og:locale\" content=\"en_US\" \/>\n<meta property=\"og:type\" content=\"article\" \/>\n<meta property=\"og:title\" content=\"Cookie Policy - Gierre Scale\" \/>\n<meta property=\"og:description\" content=\"Cosa sono i Cookies: I cookie sono stringhe di testo create da un server e memorizzati sull\u2019hard disk del computer o su qualsiasi dispositivo utilizzato dall\u2019utente per accedere ad Internet (smartphone, tablet, ecc.) per poi essere ritrasmessi ai successivi accessi ad Internet dell\u2019utente stesso. I cookie permettono di raccogliere informazioni sulla navigazione effettuata dall\u2019utente sui [&hellip;]\" \/>\n<meta property=\"og:url\" content=\"https:\/\/www.gierrescale.com\/en\/cookie-policy\/\" \/>\n<meta property=\"og:site_name\" content=\"Gierre Scale\" \/>\n<meta property=\"article:modified_time\" content=\"2025-05-07T16:09:18+00:00\" \/>\n<meta name=\"twitter:card\" content=\"summary_large_image\" \/>\n<meta name=\"twitter:label1\" content=\"Est. reading time\" \/>\n\t<meta name=\"twitter:data1\" content=\"3 minutes\" \/>\n<script type=\"application\/ld+json\" class=\"yoast-schema-graph\">{\"@context\":\"https:\/\/schema.org\",\"@graph\":[{\"@type\":\"WebPage\",\"@id\":\"https:\/\/www.gierrescale.com\/en\/cookie-policy\/\",\"url\":\"https:\/\/www.gierrescale.com\/en\/cookie-policy\/\",\"name\":\"Cookie Policy - Gierre Scale\",\"isPartOf\":{\"@id\":\"https:\/\/www.gierrescale.com\/en\/#website\"},\"datePublished\":\"2025-05-07T15:22:25+00:00\",\"dateModified\":\"2025-05-07T16:09:18+00:00\",\"breadcrumb\":{\"@id\":\"https:\/\/www.gierrescale.com\/en\/cookie-policy\/#breadcrumb\"},\"inLanguage\":\"en-US\",\"potentialAction\":[{\"@type\":\"ReadAction\",\"target\":[\"https:\/\/www.gierrescale.com\/en\/cookie-policy\/\"]}]},{\"@type\":\"BreadcrumbList\",\"@id\":\"https:\/\/www.gierrescale.com\/en\/cookie-policy\/#breadcrumb\",\"itemListElement\":[{\"@type\":\"ListItem\",\"position\":1,\"name\":\"Home\",\"item\":\"https:\/\/www.gierrescale.com\/en\/\"},{\"@type\":\"ListItem\",\"position\":2,\"name\":\"Cookie Policy\"}]},{\"@type\":\"WebSite\",\"@id\":\"https:\/\/www.gierrescale.com\/en\/#website\",\"url\":\"https:\/\/www.gierrescale.com\/en\/\",\"name\":\"Gierre Scale\",\"description\":\"Italiani, produttori e pionieri, dal 1980\",\"potentialAction\":[{\"@type\":\"SearchAction\",\"target\":{\"@type\":\"EntryPoint\",\"urlTemplate\":\"https:\/\/www.gierrescale.com\/en\/?s={search_term_string}\"},\"query-input\":\"required name=search_term_string\"}],\"inLanguage\":\"en-US\"}]}<\/script>\n<!-- \/ Yoast SEO plugin. -->","yoast_head_json":{"title":"Cookie Policy - Gierre Scale","robots":{"index":"index","follow":"follow","max-snippet":"max-snippet:-1","max-image-preview":"max-image-preview:large","max-video-preview":"max-video-preview:-1"},"canonical":"https:\/\/www.gierrescale.com\/en\/cookie-policy\/","og_locale":"en_US","og_type":"article","og_title":"Cookie Policy - Gierre Scale","og_description":"Cosa sono i Cookies: I cookie sono stringhe di testo create da un server e memorizzati sull\u2019hard disk del computer o su qualsiasi dispositivo utilizzato dall\u2019utente per accedere ad Internet (smartphone, tablet, ecc.) per poi essere ritrasmessi ai successivi accessi ad Internet dell\u2019utente stesso. I cookie permettono di raccogliere informazioni sulla navigazione effettuata dall\u2019utente sui [&hellip;]","og_url":"https:\/\/www.gierrescale.com\/en\/cookie-policy\/","og_site_name":"Gierre Scale","article_modified_time":"2025-05-07T16:09:18+00:00","twitter_card":"summary_large_image","twitter_misc":{"Est. reading time":"3 minutes"},"schema":{"@context":"https:\/\/schema.org","@graph":[{"@type":"WebPage","@id":"https:\/\/www.gierrescale.com\/en\/cookie-policy\/","url":"https:\/\/www.gierrescale.com\/en\/cookie-policy\/","name":"Cookie Policy - Gierre Scale","isPartOf":{"@id":"https:\/\/www.gierrescale.com\/en\/#website"},"datePublished":"2025-05-07T15:22:25+00:00","dateModified":"2025-05-07T16:09:18+00:00","breadcrumb":{"@id":"https:\/\/www.gierrescale.com\/en\/cookie-policy\/#breadcrumb"},"inLanguage":"en-US","potentialAction":[{"@type":"ReadAction","target":["https:\/\/www.gierrescale.com\/en\/cookie-policy\/"]}]},{"@type":"BreadcrumbList","@id":"https:\/\/www.gierrescale.com\/en\/cookie-policy\/#breadcrumb","itemListElement":[{"@type":"ListItem","position":1,"name":"Home","item":"https:\/\/www.gierrescale.com\/en\/"},{"@type":"ListItem","position":2,"name":"Cookie Policy"}]},{"@type":"WebSite","@id":"https:\/\/www.gierrescale.com\/en\/#website","url":"https:\/\/www.gierrescale.com\/en\/","name":"Gierre Scale","description":"Italiani, produttori e pionieri, dal 1980","potentialAction":[{"@type":"SearchAction","target":{"@type":"EntryPoint","urlTemplate":"https:\/\/www.gierrescale.com\/en\/?s={search_term_string}"},"query-input":"required name=search_term_string"}],"inLanguage":"en-US"}]}},"_links":{"self":[{"href":"https:\/\/www.gierrescale.com\/en\/wp-json\/wp\/v2\/pages\/12027","targetHints":{"allow":["GET"]}}],"collection":[{"href":"https:\/\/www.gierrescale.com\/en\/wp-json\/wp\/v2\/pages"}],"about":[{"href":"https:\/\/www.gierrescale.com\/en\/wp-json\/wp\/v2\/types\/page"}],"author":[{"embeddable":true,"href":"https:\/\/www.gierrescale.com\/en\/wp-json\/wp\/v2\/users\/2"}],"replies":[{"embeddable":true,"href":"https:\/\/www.gierrescale.com\/en\/wp-json\/wp\/v2\/comments?post=12027"}],"version-history":[{"count":1,"href":"https:\/\/www.gierrescale.com\/en\/wp-json\/wp\/v2\/pages\/12027\/revisions"}],"predecessor-version":[{"id":12030,"href":"https:\/\/www.gierrescale.com\/en\/wp-json\/wp\/v2\/pages\/12027\/revisions\/12030"}],"wp:attachment":[{"href":"https:\/\/www.gierrescale.com\/en\/wp-json\/wp\/v2\/media?parent=12027"}],"curies":[{"name":"wp","href":"https:\/\/api.w.org\/{rel}","templated":true}]}}